{"id":197,"date":"2020-09-07T22:19:36","date_gmt":"2020-09-07T20:19:36","guid":{"rendered":"http:\/\/ehealth-it.de\/?page_id=197"},"modified":"2023-12-18T13:06:31","modified_gmt":"2023-12-18T12:06:31","slug":"publications-thomas-huelse","status":"publish","type":"page","link":"https:\/\/ehealth-it.de\/da\/publications-thomas-huelse\/","title":{"rendered":"Publikationer"},"content":{"rendered":"\n<hr class=\"wp-block-separator has-alpha-channel-opacity\"\/>\n\n\n\n<p><strong>Ver\u00f6ffentlichungen&nbsp; Thomas H\u00fclse:<\/strong><\/p>\n\n\n\n<p><strong>H\u00fclse, Thomas (2020)<\/strong>:&nbsp; &#8220;Die Entwicklung der deutschen elektronischen Patientenakte im europ\u00e4ischen Vergleich&#8221;, Masterthesis <a href=\"https:\/\/hs-flensburg.de\/\">Hochschule Flensburg<\/a>, 125 Seiten<\/p>\n\n\n\n<ul class=\"wp-block-list\">\n<li>aktuellstes Know-how zum Thema ePA mit verdichtetes Wissen aus ca. 400 Quellen.<\/li>\n\n\n\n<li><em>erfolgreich verteidigt und bewertet durch<\/em> die genannten Pr\u00fcfer<\/li>\n\n\n\n<li><em>Ver\u00f6ffentlichung mit Erg\u00e4nzungen als Buch geplant<\/em><\/li>\n<\/ul>\n\n\n\n<figure class=\"wp-block-image\"><picture><source srcset=\"https:\/\/ehealth-it.de\/wp-content\/webp-express\/webp-images\/doc-root\/wp-content\/uploads\/2020\/09\/Masterthesis_Deckblatt-mit-Prof.jpg.webp 864w, https:\/\/ehealth-it.de\/wp-content\/webp-express\/webp-images\/doc-root\/wp-content\/uploads\/2020\/09\/Masterthesis_Deckblatt-mit-Prof-202x300.jpg.webp 202w, https:\/\/ehealth-it.de\/wp-content\/webp-express\/webp-images\/doc-root\/wp-content\/uploads\/2020\/09\/Masterthesis_Deckblatt-mit-Prof-689x1024.jpg.webp 689w, https:\/\/ehealth-it.de\/wp-content\/webp-express\/webp-images\/doc-root\/wp-content\/uploads\/2020\/09\/Masterthesis_Deckblatt-mit-Prof-768x1142.jpg.webp 768w\" sizes=\"(max-width: 864px) 100vw, 864px\" type=\"image\/webp\"><img loading=\"lazy\" decoding=\"async\" width=\"864\" height=\"1285\" data-attachment-id=\"479\" data-permalink=\"https:\/\/ehealth-it.de\/da\/publications-thomas-huelse\/masterthesis_deckblatt-mit-prof\/\" data-orig-file=\"https:\/\/ehealth-it.de\/wp-content\/uploads\/2020\/09\/Masterthesis_Deckblatt-mit-Prof.jpg\" data-orig-size=\"864,1285\" data-comments-opened=\"1\" data-image-meta=\"{\"aperture\":\"0\",\"credit\":\"Thomas Huelse\",\"camera\":\"\",\"caption\":\"\",\"created_timestamp\":\"1597422033\",\"copyright\":\"\",\"focal_length\":\"0\",\"iso\":\"0\",\"shutter_speed\":\"0\",\"title\":\"\",\"orientation\":\"0\"}\" data-image-title=\"eHealth Masterthesis EPA 2020\" data-image-description=\"<p>eHealth Masterthesis \u201cDie Entwicklung der deutsche EPA im europ\u00e4ischen Vergleich\u201d, Autor: Thomas H\u00fclse<\/p>\n\" data-image-caption=\"<p>eHealth Masterthesis Thomas H\u00fclse EPA europ\u00e4ischer Vergleich<\/p>\n\" data-medium-file=\"https:\/\/ehealth-it.de\/wp-content\/uploads\/2020\/09\/Masterthesis_Deckblatt-mit-Prof-202x300.jpg\" data-large-file=\"https:\/\/ehealth-it.de\/wp-content\/uploads\/2020\/09\/Masterthesis_Deckblatt-mit-Prof-689x1024.jpg\" src=\"https:\/\/ehealth-it.de\/wp-content\/uploads\/2020\/09\/Masterthesis_Deckblatt-mit-Prof.jpg\" alt=\"\" class=\"wp-image-479 webpexpress-processed\" srcset=\"https:\/\/ehealth-it.de\/wp-content\/uploads\/2020\/09\/Masterthesis_Deckblatt-mit-Prof.jpg 864w, https:\/\/ehealth-it.de\/wp-content\/uploads\/2020\/09\/Masterthesis_Deckblatt-mit-Prof-202x300.jpg 202w, https:\/\/ehealth-it.de\/wp-content\/uploads\/2020\/09\/Masterthesis_Deckblatt-mit-Prof-689x1024.jpg 689w, https:\/\/ehealth-it.de\/wp-content\/uploads\/2020\/09\/Masterthesis_Deckblatt-mit-Prof-768x1142.jpg 768w\" sizes=\"(max-width: 864px) 100vw, 864px\"><\/picture><\/figure>\n\n\n\n<p><strong>INHALTE<\/strong><\/p>\n\n\n\n<ol class=\"wp-block-list\">\n<li>Historie der deutschen EPA bis 2020, inklusive der neusten gesetzlichen Regelungen aus dem eHealth-Gesetz, dem Digitale-Versorgung-Gesetz(DVG), dem Terminservice- und Versorgungsgesetz (TSVG) und Patientendaten-Schutz-Gesetz.<\/li>\n\n\n\n<li>L\u00e4nder\u00fcbergreifender #Vergleich des Entwurfs der (deutschen)&nbsp;<a class=\"rank-math-link\" href=\"https:\/\/www.gematik.de\/\" target=\"_blank\" rel=\"noopener noreferrer\">Gematik<\/a>&nbsp;mit den Implementierungen in anderen europ\u00e4ischen L\u00e4ndern in den Kategorien:\n<ul class=\"wp-block-list\">\n<li>Infrastruktur &amp; Gesundheitskompetenz der B\u00fcrger in den Vergleichsl\u00e4ndern<\/li>\n\n\n\n<li>Gesetzliche Voraussetzungen zur Einf\u00fchrung einer ePA<\/li>\n\n\n\n<li>Technische, semantische und datenschutzrechtlichen Rahmenbedingungen<\/li>\n\n\n\n<li>Basisfunktionen der (geplanten) deutschen EPA mit anderen Implementierungen<\/li>\n\n\n\n<li>Erweiterte Funktionen und Unterst\u00fctzung digitalen Prozesse durch die ePA (eRezept usw.)<\/li>\n\n\n\n<li>Aufnahme von Patienten- und Gesundheitsdaten in die ePA (Di\u00e4ttagebuch usw.)<\/li>\n<\/ul>\n<\/li>\n\n\n\n<li>Forschungsfragen\n<ul class=\"wp-block-list\">\n<li>Status quo der deutschen EPA<\/li>\n\n\n\n<li>Die verlief die EPA-Einf\u00fchrung in anderen L\u00e4ndern?<\/li>\n\n\n\n<li>Was kann man aus anderen L\u00e4ndern lernen\/was sollte man vermeiden?<\/li>\n\n\n\n<li>Sind die Planungen der GEMATIK f\u00fcr die deutsche EPA funktionell State-of-the-Art?<\/li>\n<\/ul>\n<\/li>\n<\/ol>\n\n\n\n<p><strong>Kurzfazit<\/strong>:<\/p>\n\n\n\n<p>Die deutsche EPA wird &#8211; bei einem vergleichbaren Funktionsumfang &#8211; bis zu 100 mal teurer als in anderen europ\u00e4ischen L\u00e4ndern. Stand heute (August 2020) hat Deutschland einen erheblichen Entwicklungsr\u00fcckstand bei der Digitalisierung im Gesundheitswesen und das bei den gleichzeitig dritth\u00f6chsten Gesundheitsausgaben pro Kopf im europ\u00e4ischen Vergleich (OECD 2019). Die multikausalen Gr\u00fcnde werden in dieser Masterarbeit thematisiert.<\/p>\n\n\n\n<p>&#8212;<\/p>\n\n\n\n<p><strong>Ausblick 2021\/22:<em><br><\/em><\/strong>Zum 01.01.2021 werden nur die wenigsten gesetzlichen Krankenkassen in Deutschland Ihren Versicherten eine ePA anbieten k\u00f6nnen &#8211; trotz entsprechender Gesetzesvorgaben des BMG.<\/p>\n\n\n\n<p>Die Gesetzesvorgaben des BMG ber\u00fccksichtigen die ca. 8 Millionen Privat-Krankenversicherten (10% aller Versicherten) \u00fcberhaupt nicht.<\/p>\n\n\n\n<p>Mit der mehrheitlichen \u00dcbernahme von 51 Prozent der Gesellschafteranteile der GEMATIK durch den BUND wurden Entscheidungskompetenz von der Selbstverwaltung zum Bundesgesundheitsministerium verschoben, die zur Beschleunigung bei der Digitalisierung im Gesundheitssystem genutzt werden k\u00f6nnen.<\/p>\n\n\n\n<hr class=\"wp-block-separator has-alpha-channel-opacity\"\/>\n\n\n\n<p><strong>H\u00fclse, Thomas (1998)<\/strong>:\u00a0 &#8220;Tabu-Search-Verfahren zur Projektablaufplanung bei knappen Ressourcen &#8211; Intelligente L\u00f6sungsstrategien f\u00fcr das Rcpsp\/P&#8221;, <a href=\"https:\/\/www.uni-kiel.de\/de\/\">Christian-Albrechts-Universit\u00e4t zu Kiel<\/a> <br>&#8211; erfolgreich v<em>erteidigt und bewertet durch<\/em> die Pr\u00fcfer, Note: 1.0<br><em>&#8211; ausleihbar in der Universit\u00e4tsbibliothek der CAU-Kiel<\/em><\/p>\n\n\n\n<ul class=\"wp-block-list\"><\/ul>\n\n\n\n<ul class=\"wp-block-list\"><\/ul>\n\n\n\n<figure class=\"wp-block-image size-large\"><picture><source srcset=\"https:\/\/ehealth-it.de\/wp-content\/webp-express\/webp-images\/doc-root\/wp-content\/uploads\/2020\/09\/Diplomarbeit_Tabu-Seach_Deckblatt-716x1024.jpg.webp 716w, https:\/\/ehealth-it.de\/wp-content\/webp-express\/webp-images\/doc-root\/wp-content\/uploads\/2020\/09\/Diplomarbeit_Tabu-Seach_Deckblatt-210x300.jpg.webp 210w, https:\/\/ehealth-it.de\/wp-content\/webp-express\/webp-images\/doc-root\/wp-content\/uploads\/2020\/09\/Diplomarbeit_Tabu-Seach_Deckblatt-768x1099.jpg.webp 768w, https:\/\/ehealth-it.de\/wp-content\/webp-express\/webp-images\/doc-root\/wp-content\/uploads\/2020\/09\/Diplomarbeit_Tabu-Seach_Deckblatt.jpg.webp 792w\" sizes=\"(max-width: 716px) 100vw, 716px\" type=\"image\/webp\"><img loading=\"lazy\" decoding=\"async\" width=\"716\" height=\"1024\" data-attachment-id=\"513\" data-permalink=\"https:\/\/ehealth-it.de\/da\/publications-thomas-huelse\/diplomarbeit_tabu-seach_deckblatt\/\" data-orig-file=\"https:\/\/ehealth-it.de\/wp-content\/uploads\/2020\/09\/Diplomarbeit_Tabu-Seach_Deckblatt.jpg\" data-orig-size=\"792,1133\" data-comments-opened=\"1\" data-image-meta=\"{\"aperture\":\"0\",\"credit\":\"\",\"camera\":\"\",\"caption\":\"\",\"created_timestamp\":\"0\",\"copyright\":\"\",\"focal_length\":\"0\",\"iso\":\"0\",\"shutter_speed\":\"0\",\"title\":\"\",\"orientation\":\"0\"}\" data-image-title=\"Diplomarbeit_Tabu-Seach_Deckblatt\" data-image-description=\"\" data-image-caption=\"\" data-medium-file=\"https:\/\/ehealth-it.de\/wp-content\/uploads\/2020\/09\/Diplomarbeit_Tabu-Seach_Deckblatt-210x300.jpg\" data-large-file=\"https:\/\/ehealth-it.de\/wp-content\/uploads\/2020\/09\/Diplomarbeit_Tabu-Seach_Deckblatt-716x1024.jpg\" src=\"https:\/\/ehealth-it.de\/wp-content\/uploads\/2020\/09\/Diplomarbeit_Tabu-Seach_Deckblatt-716x1024.jpg\" alt=\"\" class=\"wp-image-513 webpexpress-processed\" srcset=\"https:\/\/ehealth-it.de\/wp-content\/uploads\/2020\/09\/Diplomarbeit_Tabu-Seach_Deckblatt-716x1024.jpg 716w, https:\/\/ehealth-it.de\/wp-content\/uploads\/2020\/09\/Diplomarbeit_Tabu-Seach_Deckblatt-210x300.jpg 210w, https:\/\/ehealth-it.de\/wp-content\/uploads\/2020\/09\/Diplomarbeit_Tabu-Seach_Deckblatt-768x1099.jpg 768w, https:\/\/ehealth-it.de\/wp-content\/uploads\/2020\/09\/Diplomarbeit_Tabu-Seach_Deckblatt.jpg 792w\" sizes=\"(max-width: 716px) 100vw, 716px\"><\/picture><\/figure>\n\n\n\n<p>F\u00fcr das urspr\u00fcnglich aus der Abwicklung von Gro\u00dfbauprojekten stammende Projektmanagement hat sich ein breites Anwendungsspektrum entwickelt. Exemplarisch seien Projekte zur Reorganisation, zur Produktentwicklung, zur Kundenauftragsfertigung sowie Projekte aus dem F&amp;E-Bereich und dem Innovationsmanagement genannt.<\/p>\n\n\n\n<p>Eine der zentralen Aufgaben des funktionellen Projektmanagements \u2013 im Rahmen der Prozess- und Ablauforganisation \u2013 ist die Erstellung eines Projektablaufplanes, der die genaue zeitliche Abfolge der einzelnen Projektaufgaben festlegt. Simultan zur Projektablaufplanung mu\u00df das Ressourcenmanagement vorgenommen werden, bei dem in der Regel knappe Ressourcen in Form von Betriebsmitteln oder Personalkapazit\u00e4t zu ber\u00fccksichtigen sind. Dementsprechend werden in der Literatur die Zeit- und die Kapazit\u00e4tsplanung als Kernfragen der Projektplanung genannt und zahlreiche unterschiedliche Modelle und Verfahren zur L\u00f6sung dieser vorgeschlagen.<\/p>\n\n\n\n<p>Als das klassische Modell zur Projektplanung bei knappen Ressourcen ist das Resource-Constraint Project Scheduling Problem (RCPSP) bekannt geworden, das trotz seiner Allgemeinheit eindeutige und effiziente Modellierungen von zahlreichen realen Problemen erlaubt. Neuere Arbeiten zeigen jedoch, dass mit den im RCPSP verwendeten klassischen Ressourcenkonzepten nicht alle in der Realit\u00e4t vorkommenden Sachverhalte abgebildet werden k\u00f6nnen. Erst durch die Einf\u00fchrung eines neuen Ressourcenkonzeptes, der partiell erneuerbaren Ressourcen, konnten diese Modellierungsdefizite behoben werden. In einigen F\u00e4llen ist den\u00acnoch erst dann eine effiziente Modellierung m\u00f6glich, wenn das Konzept der partiell erneuerbaren Ressourcen um Kapazit\u00e4tsprofile erweitert wird.<\/p>\n\n\n\n<p>Ausgangspunkt dieser Arbeit bildet das RCPSP\/Pi, ein Modell zur Projektablaufplanung bei knappen Ressourcen auf Basis des partiell erneuerbaren Ressourcenkonzeptes. Ziel ist die Entwicklung, Implementierung und Evaluierung geeigneter Tabu-Search-Verfahren f\u00fcr das RCPSP\/Pi. Bei Tabu-Search handelt es sich um eine intelligente Meta-Strategie zur heuristischen L\u00f6sung komplexer Optimierungsprobleme, die zur Steuerung lokaler Suchverfahren eingesetzt wird. Im Gegensatz zum ged\u00e4chtnislosen Verfahrensdesign wie beispielsweise in Branch-and-Bound- oder Priorit\u00e4tsregelverfahren werden in Tabu-Search Verfahren anpassungsf\u00e4hige Speicherstrukturen verwendet, die eine reaktive Erforschung des L\u00f6sungsraumes erm\u00f6glichen. Eine gro\u00dfe Anzahl erfolgreicher Anwendungen von Tabu-Search in den unterschiedlichsten Bereichen wie auch die Ergebnisse dieser Arbeit rechtfertigt die Bezeichnung als \u201ederzeit beste Strategie zur L\u00f6sung kombinatorischer Optimierungsprobleme\u201c.<\/p>\n\n\n\n<p>Die Arbeit gliedert sich wie folgt:<\/p>\n\n\n\n<p><strong>Kapitel 1:<\/strong> Einordnung der Projektablaufplanung in das Projektmanagement und<\/p>\n\n\n\n<p><strong>Kapitel 2:<\/strong> Vorstellung verschiedene Konzepte f\u00fcr die Planung bei knappen Ressourcen<\/p>\n\n\n\n<p><strong>Kapitel 3:<\/strong> RCPSP\/Pi im Mittelpunkt<\/p>\n\n\n\n<p><strong>Kapitel 4:<\/strong> Klassifikation von L\u00f6sungsverfahren erm\u00f6glicht die Einordnung der zur L\u00f6sung des RCPSP\/Pi<\/p>\n\n\n\n<p><strong>Kapitel 5:<\/strong> Im Rahmen der Arbeit entwickeltes Tabu-Search Verfahren<\/p>\n\n\n\n<p><strong>Kapitel 6:<\/strong> Darstellung der Rechenergebnisse mit Tabu-Search und Vergleich mit denen den derzeit besten exakten L\u00f6sungsverfahren verglichen<\/p>\n\n\n\n<p><strong>Kapitel 7:<\/strong> Zusammenfassung und Ausblick<\/p>\n\n\n\n<p>&#8212;<\/p>\n\n\n\n<p><strong>Kurzfazit:<\/strong><\/p>\n\n\n\n<p>Mit heuristischen Verfahren wie dem TABU-Search, entwickelt und vorgestellt in dieser Arbeit, l\u00e4sst sich das komplexe Projektplanungsmodell ( RCPSP\/Pi ) mit beliebig vielen Nebenbedingungen effizient &#8211; oft sogar optimal &#8211; l\u00f6sen. Zwar k\u00f6nnen heuristisches Verfahren (by design) das Erreichen des Optimums nicht garantieren, sind aber bei komplexen Modellen eine sinnvolle Alternativ, wenn exakte Verfahren ein Vielfaches, ggf. Jahre an Rechenzeit ben\u00f6tigen w\u00fcrden.<\/p>\n\n\n\n<p>UMFANG: ca. 100 Seiten, mit Literaturverzeichnis<\/p>\n\n\n\n<hr class=\"wp-block-separator has-alpha-channel-opacity\"\/>\n","protected":false},"excerpt":{"rendered":"<p>Ver\u00f6ffentlichungen&nbsp; Thomas H\u00fclse: H\u00fclse, Thomas (2020):&nbsp; &#8220;Die Entwicklung der deutschen elektronischen Patientenakte im europ\u00e4ischen Vergleich&#8221;, Masterthesis Hochschule Flensburg, 125 Seiten INHALTE Kurzfazit: Die deutsche EPA wird &#8211; bei einem vergleichbaren Funktionsumfang &#8211; bis zu 100 mal teurer als in anderen europ\u00e4ischen L\u00e4ndern. Stand heute (August 2020) hat Deutschland einen erheblichen Entwicklungsr\u00fcckstand bei der Digitalisierung im &#8230; <span class=\"more\"><a class=\"more-link\" href=\"https:\/\/ehealth-it.de\/da\/publications-thomas-huelse\/\">[Read more&#8230;]<\/a><\/span><\/p>\n","protected":false},"author":1,"featured_media":479,"parent":0,"menu_order":0,"comment_status":"closed","ping_status":"closed","template":"","meta":{"jetpack_post_was_ever_published":false,"footnotes":""},"class_list":{"0":"entry","1":"page","2":"publish","3":"author-wpadmin","4":"post-197","6":"has-post-thumbnail"},"translation":{"provider":"WPGlobus","version":"3.0.2","language":"da","enabled_languages":["de","en","da"],"languages":{"de":{"title":true,"content":true,"excerpt":false},"en":{"title":true,"content":true,"excerpt":false},"da":{"title":true,"content":false,"excerpt":false}}},"yoast_head":"<!-- This site is optimized with the Yoast SEO plugin v23.5 - https:\/\/yoast.com\/wordpress\/plugins\/seo\/ -->\n<title>Publikationer &#8211; eHealth IT-Innovations<\/title>\n<meta name=\"robots\" content=\"index, follow, max-snippet:-1, max-image-preview:large, max-video-preview:-1\" \/>\n<link rel=\"canonical\" href=\"https:\/\/ehealth-it.de\/publications-thomas-huelse\/\" \/>\n<meta property=\"og:locale\" content=\"da_DK\" \/>\n<meta property=\"og:type\" content=\"article\" \/>\n<meta property=\"og:title\" content=\"Publikationer &#8211; eHealth IT-Innovations\" \/>\n<meta property=\"og:url\" content=\"https:\/\/ehealth-it.de\/publications-thomas-huelse\/\" \/>\n<meta property=\"og:site_name\" content=\"eHealth IT-Innovations\" \/>\n<meta property=\"article:publisher\" content=\"https:\/\/www.facebook.com\/EHealth-IT-Innovations-107800421066573\" \/>\n<meta property=\"article:modified_time\" content=\"2023-12-18T12:06:31+00:00\" \/>\n<meta property=\"og:image\" content=\"https:\/\/ehealth-it.de\/wp-content\/uploads\/2020\/09\/Masterthesis_Deckblatt-mit-Prof.jpg\" \/>\n\t<meta property=\"og:image:width\" content=\"864\" \/>\n\t<meta property=\"og:image:height\" content=\"1285\" \/>\n\t<meta property=\"og:image:type\" content=\"image\/jpeg\" \/>\n<meta name=\"twitter:card\" content=\"summary_large_image\" \/>\n<meta name=\"twitter:site\" content=\"@Thomas_Huelse\" \/>\n<meta name=\"twitter:label1\" content=\"Estimeret l\u00e6setid\" \/>\n\t<meta name=\"twitter:data1\" content=\"5 minutter\" \/>\n<script type=\"application\/ld+json\" class=\"yoast-schema-graph\">{\"@context\":\"https:\/\/schema.org\",\"@graph\":[{\"@type\":\"WebPage\",\"@id\":\"https:\/\/ehealth-it.de\/publications-thomas-huelse\/\",\"url\":\"https:\/\/ehealth-it.de\/publications-thomas-huelse\/\",\"name\":\"Publikationer &#8211; eHealth IT-Innovations\",\"isPartOf\":{\"@id\":\"https:\/\/ehealth-it.de\/#website\"},\"primaryImageOfPage\":{\"@id\":\"https:\/\/ehealth-it.de\/publications-thomas-huelse\/#primaryimage\"},\"image\":{\"@id\":\"https:\/\/ehealth-it.de\/publications-thomas-huelse\/#primaryimage\"},\"thumbnailUrl\":\"https:\/\/ehealth-it.de\/wp-content\/uploads\/2020\/09\/Masterthesis_Deckblatt-mit-Prof.jpg\",\"datePublished\":\"2020-09-07T20:19:36+00:00\",\"dateModified\":\"2023-12-18T12:06:31+00:00\",\"description\":\"Sehen Sie sich die Ver\u00f6ffentlichungen von Thomas H\u00fclse hier an\",\"breadcrumb\":{\"@id\":\"https:\/\/ehealth-it.de\/publications-thomas-huelse\/#breadcrumb\"},\"inLanguage\":\"da-DK\",\"potentialAction\":[{\"@type\":\"ReadAction\",\"target\":[\"https:\/\/ehealth-it.de\/publications-thomas-huelse\/\"]}]},{\"@type\":\"ImageObject\",\"inLanguage\":\"da-DK\",\"@id\":\"https:\/\/ehealth-it.de\/publications-thomas-huelse\/#primaryimage\",\"url\":\"https:\/\/ehealth-it.de\/wp-content\/uploads\/2020\/09\/Masterthesis_Deckblatt-mit-Prof.jpg\",\"contentUrl\":\"https:\/\/ehealth-it.de\/wp-content\/uploads\/2020\/09\/Masterthesis_Deckblatt-mit-Prof.jpg\",\"width\":864,\"height\":1285,\"caption\":\"eHealth Masterthesis Thomas H\u00fclse EPA europ\u00e4ischer Vergleich\"},{\"@type\":\"BreadcrumbList\",\"@id\":\"https:\/\/ehealth-it.de\/publications-thomas-huelse\/#breadcrumb\",\"itemListElement\":[{\"@type\":\"ListItem\",\"position\":1,\"name\":\"Startseite\",\"item\":\"https:\/\/ehealth-it.de\/\"},{\"@type\":\"ListItem\",\"position\":2,\"name\":\"Ver\u00f6ffentlichungen Thomas H\u00fclse\"}]},{\"@type\":\"WebSite\",\"@id\":\"https:\/\/ehealth-it.de\/#website\",\"url\":\"https:\/\/ehealth-it.de\/\",\"name\":\"eHealth IT-Innovations\",\"description\":\"IT-Innovation Blog af Thomas Huelse\",\"publisher\":{\"@id\":\"https:\/\/ehealth-it.de\/#organization\"},\"potentialAction\":[{\"@type\":\"SearchAction\",\"target\":{\"@type\":\"EntryPoint\",\"urlTemplate\":\"https:\/\/ehealth-it.de\/?s={search_term_string}\"},\"query-input\":{\"@type\":\"PropertyValueSpecification\",\"valueRequired\":true,\"valueName\":\"search_term_string\"}}],\"inLanguage\":\"da-DK\"},{\"@type\":\"Organization\",\"@id\":\"https:\/\/ehealth-it.de\/#organization\",\"name\":\"HIT-Systeme\",\"url\":\"https:\/\/ehealth-it.de\/\",\"logo\":{\"@type\":\"ImageObject\",\"inLanguage\":\"da-DK\",\"@id\":\"https:\/\/ehealth-it.de\/#\/schema\/logo\/image\/\",\"url\":\"https:\/\/ehealth-it.de\/wp-content\/uploads\/2020\/09\/LOGO_HIT-SYSTEME_WEB-Kopie.jpg\",\"contentUrl\":\"https:\/\/ehealth-it.de\/wp-content\/uploads\/2020\/09\/LOGO_HIT-SYSTEME_WEB-Kopie.jpg\",\"width\":591,\"height\":408,\"caption\":\"HIT-Systeme\"},\"image\":{\"@id\":\"https:\/\/ehealth-it.de\/#\/schema\/logo\/image\/\"},\"sameAs\":[\"https:\/\/www.facebook.com\/EHealth-IT-Innovations-107800421066573\",\"https:\/\/x.com\/Thomas_Huelse\",\"https:\/\/www.linkedin.com\/in\/dipl-inf-thomas-huelse-801bba135\/\"]}]}<\/script>\n<!-- \/ Yoast SEO plugin. -->","yoast_head_json":{"title":"Publikationer &#8211; eHealth IT-Innovations","robots":{"index":"index","follow":"follow","max-snippet":"max-snippet:-1","max-image-preview":"max-image-preview:large","max-video-preview":"max-video-preview:-1"},"canonical":"https:\/\/ehealth-it.de\/publications-thomas-huelse\/","og_locale":"da_DK","og_type":"article","og_title":"Publikationer &#8211; eHealth IT-Innovations","og_url":"https:\/\/ehealth-it.de\/publications-thomas-huelse\/","og_site_name":"eHealth IT-Innovations","article_publisher":"https:\/\/www.facebook.com\/EHealth-IT-Innovations-107800421066573","article_modified_time":"2023-12-18T12:06:31+00:00","og_image":[{"width":864,"height":1285,"url":"https:\/\/ehealth-it.de\/wp-content\/uploads\/2020\/09\/Masterthesis_Deckblatt-mit-Prof.jpg","type":"image\/jpeg"}],"twitter_card":"summary_large_image","twitter_site":"@Thomas_Huelse","twitter_misc":{"Estimeret l\u00e6setid":"5 minutter"},"schema":{"@context":"https:\/\/schema.org","@graph":[{"@type":"WebPage","@id":"https:\/\/ehealth-it.de\/publications-thomas-huelse\/","url":"https:\/\/ehealth-it.de\/publications-thomas-huelse\/","name":"Publikationer &#8211; eHealth IT-Innovations","isPartOf":{"@id":"https:\/\/ehealth-it.de\/#website"},"primaryImageOfPage":{"@id":"https:\/\/ehealth-it.de\/publications-thomas-huelse\/#primaryimage"},"image":{"@id":"https:\/\/ehealth-it.de\/publications-thomas-huelse\/#primaryimage"},"thumbnailUrl":"https:\/\/ehealth-it.de\/wp-content\/uploads\/2020\/09\/Masterthesis_Deckblatt-mit-Prof.jpg","datePublished":"2020-09-07T20:19:36+00:00","dateModified":"2023-12-18T12:06:31+00:00","description":"Sehen Sie sich die Ver\u00f6ffentlichungen von Thomas H\u00fclse hier an","breadcrumb":{"@id":"https:\/\/ehealth-it.de\/publications-thomas-huelse\/#breadcrumb"},"inLanguage":"da-DK","potentialAction":[{"@type":"ReadAction","target":["https:\/\/ehealth-it.de\/publications-thomas-huelse\/"]}]},{"@type":"ImageObject","inLanguage":"da-DK","@id":"https:\/\/ehealth-it.de\/publications-thomas-huelse\/#primaryimage","url":"https:\/\/ehealth-it.de\/wp-content\/uploads\/2020\/09\/Masterthesis_Deckblatt-mit-Prof.jpg","contentUrl":"https:\/\/ehealth-it.de\/wp-content\/uploads\/2020\/09\/Masterthesis_Deckblatt-mit-Prof.jpg","width":864,"height":1285,"caption":"eHealth Masterthesis Thomas H\u00fclse EPA europ\u00e4ischer Vergleich"},{"@type":"BreadcrumbList","@id":"https:\/\/ehealth-it.de\/publications-thomas-huelse\/#breadcrumb","itemListElement":[{"@type":"ListItem","position":1,"name":"Startseite","item":"https:\/\/ehealth-it.de\/"},{"@type":"ListItem","position":2,"name":"Ver\u00f6ffentlichungen Thomas H\u00fclse"}]},{"@type":"WebSite","@id":"https:\/\/ehealth-it.de\/#website","url":"https:\/\/ehealth-it.de\/","name":"eHealth IT-Innovations","description":"IT-Innovation Blog af Thomas Huelse","publisher":{"@id":"https:\/\/ehealth-it.de\/#organization"},"potentialAction":[{"@type":"SearchAction","target":{"@type":"EntryPoint","urlTemplate":"https:\/\/ehealth-it.de\/?s={search_term_string}"},"query-input":{"@type":"PropertyValueSpecification","valueRequired":true,"valueName":"search_term_string"}}],"inLanguage":"da-DK"},{"@type":"Organization","@id":"https:\/\/ehealth-it.de\/#organization","name":"HIT-Systeme","url":"https:\/\/ehealth-it.de\/","logo":{"@type":"ImageObject","inLanguage":"da-DK","@id":"https:\/\/ehealth-it.de\/#\/schema\/logo\/image\/","url":"https:\/\/ehealth-it.de\/wp-content\/uploads\/2020\/09\/LOGO_HIT-SYSTEME_WEB-Kopie.jpg","contentUrl":"https:\/\/ehealth-it.de\/wp-content\/uploads\/2020\/09\/LOGO_HIT-SYSTEME_WEB-Kopie.jpg","width":591,"height":408,"caption":"HIT-Systeme"},"image":{"@id":"https:\/\/ehealth-it.de\/#\/schema\/logo\/image\/"},"sameAs":["https:\/\/www.facebook.com\/EHealth-IT-Innovations-107800421066573","https:\/\/x.com\/Thomas_Huelse","https:\/\/www.linkedin.com\/in\/dipl-inf-thomas-huelse-801bba135\/"]}]}},"jetpack_sharing_enabled":true,"jetpack-related-posts":[],"jetpack_shortlink":"https:\/\/wp.me\/PclwuZ-3b","jetpack_likes_enabled":true,"_links":{"self":[{"href":"https:\/\/ehealth-it.de\/da\/wp-json\/wp\/v2\/pages\/197"}],"collection":[{"href":"https:\/\/ehealth-it.de\/da\/wp-json\/wp\/v2\/pages"}],"about":[{"href":"https:\/\/ehealth-it.de\/da\/wp-json\/wp\/v2\/types\/page"}],"author":[{"embeddable":true,"href":"https:\/\/ehealth-it.de\/da\/wp-json\/wp\/v2\/users\/1"}],"replies":[{"embeddable":true,"href":"https:\/\/ehealth-it.de\/da\/wp-json\/wp\/v2\/comments?post=197"}],"version-history":[{"count":10,"href":"https:\/\/ehealth-it.de\/da\/wp-json\/wp\/v2\/pages\/197\/revisions"}],"predecessor-version":[{"id":3716,"href":"https:\/\/ehealth-it.de\/da\/wp-json\/wp\/v2\/pages\/197\/revisions\/3716"}],"wp:featuredmedia":[{"embeddable":true,"href":"https:\/\/ehealth-it.de\/da\/wp-json\/wp\/v2\/media\/479"}],"wp:attachment":[{"href":"https:\/\/ehealth-it.de\/da\/wp-json\/wp\/v2\/media?parent=197"}],"curies":[{"name":"wp","href":"https:\/\/api.w.org\/{rel}","templated":true}]}}