{"id":87,"date":"2020-09-06T14:04:07","date_gmt":"2020-09-06T12:04:07","guid":{"rendered":"http:\/\/ehealth-it.de\/?page_id=87"},"modified":"2020-09-26T19:54:59","modified_gmt":"2020-09-26T17:54:59","slug":"ehealth-it-impressum","status":"publish","type":"page","link":"https:\/\/ehealth-it.de\/da\/ehealth-it-impressum\/","title":{"rendered":"Aftryk eHealth-IT.de"},"content":{"rendered":"\n<p>Besucher dieser Homepage werden darauf hingewiesen, dass der Inhaber auf der Grundlage von Vorschriften der Europ\u00e4ischen Union und deutscher Rechtsvorschriften handelt. Insoweit erkennt der Besucher an, dass etwaige Beschwerden und Einw\u00e4nde sowie Anspruchserhebungen nur auf der Grundlage dieser Vorschriften betrachtet werden.<\/p>\n\n\n\n<p>Alle in diesem Blog vorgenommenen Darstellungen geben nur meine pers\u00f6nliche Meinung wieder. Diese Meinungs\u00e4u\u00dferung ist vom Grundgesetz f\u00fcr die Bundesrepublik Deutschland (siehe Auszug Grundgesetz) gesch\u00fctzt, welches der Autor ausdr\u00fccklich anerkennt.<\/p>\n\n\n\n<p>Auszug aus dem Grundgesetz f\u00fcr die Bundesrepublik Deutschland Artikel \u00a75:<\/p>\n\n\n\n<p>(1) Jeder hat das Recht, seine Meinung in Wort, Schrift und Bild frei zu \u00e4u\u00dfern und zu verbreiten und sich aus allgemein zug\u00e4nglichen Quellen ungehindert zu unterrichten. Die Pressefreiheit und die Freiheit der Berichterstattung durch Rundfunk und Film werden gew\u00e4hrleistet. Eine Zensur findet nicht statt.<br>(2) Diese Rechte finden ihre Schranken in den Vorschriften der allgemeinen Gesetze, den gesetzlichen Bestimmungen zum Schutze der Jugend und in dem Recht der pers\u00f6nlichen Ehre.<br>(3) Kunst und Wissenschaft, Forschung und Lehre sind frei. Die Freiheit der Lehre entbindet nicht von der Treue zur Verfassung.<\/p>\n\n\n\n<p>F\u00fcr diese Internetseite verantwortlich ist:<\/p>\n\n\n\n<figure class=\"wp-block-image size-large\"><picture><source srcset=\"https:\/\/ehealth-it.de\/wp-content\/webp-express\/webp-images\/doc-root\/wp-content\/uploads\/2020\/09\/Impressum_Verantwortlich-nach-TMG_Admin.jpg.webp 877w, https:\/\/ehealth-it.de\/wp-content\/webp-express\/webp-images\/doc-root\/wp-content\/uploads\/2020\/09\/Impressum_Verantwortlich-nach-TMG_Admin-300x137.jpg.webp 300w, https:\/\/ehealth-it.de\/wp-content\/webp-express\/webp-images\/doc-root\/wp-content\/uploads\/2020\/09\/Impressum_Verantwortlich-nach-TMG_Admin-768x351.jpg.webp 768w\" sizes=\"(max-width: 877px) 100vw, 877px\" type=\"image\/webp\"><img loading=\"lazy\" decoding=\"async\" width=\"877\" height=\"401\" data-attachment-id=\"2295\" data-permalink=\"https:\/\/ehealth-it.de\/da\/datenschutz\/impressum_verantwortlich-nach-tmg_admin\/\" data-orig-file=\"https:\/\/ehealth-it.de\/wp-content\/uploads\/2020\/09\/Impressum_Verantwortlich-nach-TMG_Admin.jpg\" data-orig-size=\"877,401\" data-comments-opened=\"1\" data-image-meta=\"{\"aperture\":\"0\",\"credit\":\"\",\"camera\":\"\",\"caption\":\"\",\"created_timestamp\":\"0\",\"copyright\":\"\",\"focal_length\":\"0\",\"iso\":\"0\",\"shutter_speed\":\"0\",\"title\":\"\",\"orientation\":\"0\"}\" data-image-title=\"Impressum_Verantwortlich-nach-TMG+RFSV\" data-image-description=\"<p>Verantwortlich nach TMG und RFSV<\/p>\n\" data-image-caption=\"<p>Verantwortlich<\/p>\n\" data-medium-file=\"https:\/\/ehealth-it.de\/wp-content\/uploads\/2020\/09\/Impressum_Verantwortlich-nach-TMG_Admin-300x137.jpg\" data-large-file=\"https:\/\/ehealth-it.de\/wp-content\/uploads\/2020\/09\/Impressum_Verantwortlich-nach-TMG_Admin.jpg\" src=\"https:\/\/ehealth-it.de\/wp-content\/uploads\/2020\/09\/Impressum_Verantwortlich-nach-TMG_Admin.jpg\" alt=\"Verantwortlich nach TMG+RFSV\" class=\"wp-image-2295 webpexpress-processed\" srcset=\"https:\/\/ehealth-it.de\/wp-content\/uploads\/2020\/09\/Impressum_Verantwortlich-nach-TMG_Admin.jpg 877w, https:\/\/ehealth-it.de\/wp-content\/uploads\/2020\/09\/Impressum_Verantwortlich-nach-TMG_Admin-300x137.jpg 300w, https:\/\/ehealth-it.de\/wp-content\/uploads\/2020\/09\/Impressum_Verantwortlich-nach-TMG_Admin-768x351.jpg 768w\" sizes=\"(max-width: 877px) 100vw, 877px\"><\/picture><\/figure>\n\n\n\n<p>Angaben auf Grund der EU-Datenschutzgrundverordnung teile ich mit:<br>Diese Homepage ist eine private, nicht kommerzielle Seite. N\u00e4here Angaben finden Sie auf der Seite <a href=\"https:\/\/ehealth-it.de\/datenschutz\/\">Datenschutz<\/a>.<\/p>\n","protected":false},"excerpt":{"rendered":"<p>Besucher dieser Homepage werden darauf hingewiesen, dass der Inhaber auf der Grundlage von Vorschriften der Europ\u00e4ischen Union und deutscher Rechtsvorschriften handelt. Insoweit erkennt der Besucher an, dass etwaige Beschwerden und Einw\u00e4nde sowie Anspruchserhebungen nur auf der Grundlage dieser Vorschriften betrachtet werden. Alle in diesem Blog vorgenommenen Darstellungen geben nur meine pers\u00f6nliche Meinung wieder. Diese Meinungs\u00e4u\u00dferung &#8230; <span class=\"more\"><a class=\"more-link\" href=\"https:\/\/ehealth-it.de\/da\/ehealth-it-impressum\/\">[Read more&#8230;]<\/a><\/span><\/p>\n","protected":false},"author":1,"featured_media":0,"parent":0,"menu_order":0,"comment_status":"closed","ping_status":"closed","template":"","meta":{"jetpack_post_was_ever_published":false,"footnotes":""},"class_list":["entry","page","publish","author-wpadmin","post-87"],"translation":{"provider":"WPGlobus","version":"3.0.2","language":"da","enabled_languages":["de","en","da"],"languages":{"de":{"title":true,"content":true,"excerpt":false},"en":{"title":true,"content":true,"excerpt":false},"da":{"title":true,"content":false,"excerpt":false}}},"yoast_head":"<!-- This site is optimized with the Yoast SEO plugin v23.5 - https:\/\/yoast.com\/wordpress\/plugins\/seo\/ -->\n<title>Aftryk eHealth-IT.de &#8211; eHealth IT-Innovations<\/title>\n<meta name=\"robots\" content=\"noindex, nofollow\" \/>\n<meta property=\"og:locale\" content=\"da_DK\" \/>\n<meta property=\"og:type\" content=\"article\" \/>\n<meta property=\"og:title\" content=\"Aftryk eHealth-IT.de &#8211; eHealth IT-Innovations\" \/>\n<meta property=\"og:url\" content=\"https:\/\/ehealth-it.de\/ehealth-it-impressum\/\" \/>\n<meta property=\"og:site_name\" content=\"eHealth IT-Innovations\" \/>\n<meta property=\"article:publisher\" content=\"https:\/\/www.facebook.com\/EHealth-IT-Innovations-107800421066573\" \/>\n<meta property=\"article:modified_time\" content=\"2020-09-26T17:54:59+00:00\" \/>\n<meta property=\"og:image\" content=\"https:\/\/ehealth-it.de\/wp-content\/uploads\/2020\/09\/Impressum_Verantwortlich-nach-TMG_Admin.jpg\" \/>\n<meta name=\"twitter:card\" content=\"summary_large_image\" \/>\n<meta name=\"twitter:site\" content=\"@Thomas_Huelse\" \/>\n<meta name=\"twitter:label1\" content=\"Estimeret l\u00e6setid\" \/>\n\t<meta name=\"twitter:data1\" content=\"2 minutter\" \/>\n<script type=\"application\/ld+json\" class=\"yoast-schema-graph\">{\"@context\":\"https:\/\/schema.org\",\"@graph\":[{\"@type\":[\"WebPage\",\"ItemPage\"],\"@id\":\"https:\/\/ehealth-it.de\/ehealth-it-impressum\/\",\"url\":\"https:\/\/ehealth-it.de\/ehealth-it-impressum\/\",\"name\":\"Aftryk eHealth-IT.de &#8211; eHealth IT-Innovations\",\"isPartOf\":{\"@id\":\"https:\/\/ehealth-it.de\/#website\"},\"primaryImageOfPage\":{\"@id\":\"https:\/\/ehealth-it.de\/ehealth-it-impressum\/#primaryimage\"},\"image\":{\"@id\":\"https:\/\/ehealth-it.de\/ehealth-it-impressum\/#primaryimage\"},\"thumbnailUrl\":\"https:\/\/ehealth-it.de\/wp-content\/uploads\/2020\/09\/Impressum_Verantwortlich-nach-TMG_Admin.jpg\",\"datePublished\":\"2020-09-06T12:04:07+00:00\",\"dateModified\":\"2020-09-26T17:54:59+00:00\",\"description\":\"\",\"breadcrumb\":{\"@id\":\"https:\/\/ehealth-it.de\/ehealth-it-impressum\/#breadcrumb\"},\"inLanguage\":\"da-DK\",\"potentialAction\":[{\"@type\":\"ReadAction\",\"target\":[\"https:\/\/ehealth-it.de\/ehealth-it-impressum\/\"]}]},{\"@type\":\"ImageObject\",\"inLanguage\":\"da-DK\",\"@id\":\"https:\/\/ehealth-it.de\/ehealth-it-impressum\/#primaryimage\",\"url\":\"https:\/\/ehealth-it.de\/wp-content\/uploads\/2020\/09\/Impressum_Verantwortlich-nach-TMG_Admin.jpg\",\"contentUrl\":\"https:\/\/ehealth-it.de\/wp-content\/uploads\/2020\/09\/Impressum_Verantwortlich-nach-TMG_Admin.jpg\"},{\"@type\":\"BreadcrumbList\",\"@id\":\"https:\/\/ehealth-it.de\/ehealth-it-impressum\/#breadcrumb\",\"itemListElement\":[{\"@type\":\"ListItem\",\"position\":1,\"name\":\"Startseite\",\"item\":\"https:\/\/ehealth-it.de\/\"},{\"@type\":\"ListItem\",\"position\":2,\"name\":\"Impressum eHealth-IT.de\"}]},{\"@type\":\"WebSite\",\"@id\":\"https:\/\/ehealth-it.de\/#website\",\"url\":\"https:\/\/ehealth-it.de\/\",\"name\":\"eHealth IT-Innovations\",\"description\":\"IT-Innovation Blog af Thomas Huelse\",\"publisher\":{\"@id\":\"https:\/\/ehealth-it.de\/#organization\"},\"potentialAction\":[{\"@type\":\"SearchAction\",\"target\":{\"@type\":\"EntryPoint\",\"urlTemplate\":\"https:\/\/ehealth-it.de\/?s={search_term_string}\"},\"query-input\":{\"@type\":\"PropertyValueSpecification\",\"valueRequired\":true,\"valueName\":\"search_term_string\"}}],\"inLanguage\":\"da-DK\"},{\"@type\":\"Organization\",\"@id\":\"https:\/\/ehealth-it.de\/#organization\",\"name\":\"HIT-Systeme\",\"url\":\"https:\/\/ehealth-it.de\/\",\"logo\":{\"@type\":\"ImageObject\",\"inLanguage\":\"da-DK\",\"@id\":\"https:\/\/ehealth-it.de\/#\/schema\/logo\/image\/\",\"url\":\"https:\/\/ehealth-it.de\/wp-content\/uploads\/2020\/09\/LOGO_HIT-SYSTEME_WEB-Kopie.jpg\",\"contentUrl\":\"https:\/\/ehealth-it.de\/wp-content\/uploads\/2020\/09\/LOGO_HIT-SYSTEME_WEB-Kopie.jpg\",\"width\":591,\"height\":408,\"caption\":\"HIT-Systeme\"},\"image\":{\"@id\":\"https:\/\/ehealth-it.de\/#\/schema\/logo\/image\/\"},\"sameAs\":[\"https:\/\/www.facebook.com\/EHealth-IT-Innovations-107800421066573\",\"https:\/\/x.com\/Thomas_Huelse\",\"https:\/\/www.linkedin.com\/in\/dipl-inf-thomas-huelse-801bba135\/\"]}]}<\/script>\n<!-- \/ Yoast SEO plugin. -->","yoast_head_json":{"title":"Aftryk eHealth-IT.de &#8211; eHealth IT-Innovations","robots":{"index":"noindex","follow":"nofollow"},"og_locale":"da_DK","og_type":"article","og_title":"Aftryk eHealth-IT.de &#8211; eHealth IT-Innovations","og_url":"https:\/\/ehealth-it.de\/ehealth-it-impressum\/","og_site_name":"eHealth IT-Innovations","article_publisher":"https:\/\/www.facebook.com\/EHealth-IT-Innovations-107800421066573","article_modified_time":"2020-09-26T17:54:59+00:00","og_image":[{"url":"https:\/\/ehealth-it.de\/wp-content\/uploads\/2020\/09\/Impressum_Verantwortlich-nach-TMG_Admin.jpg"}],"twitter_card":"summary_large_image","twitter_site":"@Thomas_Huelse","twitter_misc":{"Estimeret l\u00e6setid":"2 minutter"},"schema":{"@context":"https:\/\/schema.org","@graph":[{"@type":["WebPage","ItemPage"],"@id":"https:\/\/ehealth-it.de\/ehealth-it-impressum\/","url":"https:\/\/ehealth-it.de\/ehealth-it-impressum\/","name":"Aftryk eHealth-IT.de &#8211; eHealth IT-Innovations","isPartOf":{"@id":"https:\/\/ehealth-it.de\/#website"},"primaryImageOfPage":{"@id":"https:\/\/ehealth-it.de\/ehealth-it-impressum\/#primaryimage"},"image":{"@id":"https:\/\/ehealth-it.de\/ehealth-it-impressum\/#primaryimage"},"thumbnailUrl":"https:\/\/ehealth-it.de\/wp-content\/uploads\/2020\/09\/Impressum_Verantwortlich-nach-TMG_Admin.jpg","datePublished":"2020-09-06T12:04:07+00:00","dateModified":"2020-09-26T17:54:59+00:00","description":"","breadcrumb":{"@id":"https:\/\/ehealth-it.de\/ehealth-it-impressum\/#breadcrumb"},"inLanguage":"da-DK","potentialAction":[{"@type":"ReadAction","target":["https:\/\/ehealth-it.de\/ehealth-it-impressum\/"]}]},{"@type":"ImageObject","inLanguage":"da-DK","@id":"https:\/\/ehealth-it.de\/ehealth-it-impressum\/#primaryimage","url":"https:\/\/ehealth-it.de\/wp-content\/uploads\/2020\/09\/Impressum_Verantwortlich-nach-TMG_Admin.jpg","contentUrl":"https:\/\/ehealth-it.de\/wp-content\/uploads\/2020\/09\/Impressum_Verantwortlich-nach-TMG_Admin.jpg"},{"@type":"BreadcrumbList","@id":"https:\/\/ehealth-it.de\/ehealth-it-impressum\/#breadcrumb","itemListElement":[{"@type":"ListItem","position":1,"name":"Startseite","item":"https:\/\/ehealth-it.de\/"},{"@type":"ListItem","position":2,"name":"Impressum eHealth-IT.de"}]},{"@type":"WebSite","@id":"https:\/\/ehealth-it.de\/#website","url":"https:\/\/ehealth-it.de\/","name":"eHealth IT-Innovations","description":"IT-Innovation Blog af Thomas Huelse","publisher":{"@id":"https:\/\/ehealth-it.de\/#organization"},"potentialAction":[{"@type":"SearchAction","target":{"@type":"EntryPoint","urlTemplate":"https:\/\/ehealth-it.de\/?s={search_term_string}"},"query-input":{"@type":"PropertyValueSpecification","valueRequired":true,"valueName":"search_term_string"}}],"inLanguage":"da-DK"},{"@type":"Organization","@id":"https:\/\/ehealth-it.de\/#organization","name":"HIT-Systeme","url":"https:\/\/ehealth-it.de\/","logo":{"@type":"ImageObject","inLanguage":"da-DK","@id":"https:\/\/ehealth-it.de\/#\/schema\/logo\/image\/","url":"https:\/\/ehealth-it.de\/wp-content\/uploads\/2020\/09\/LOGO_HIT-SYSTEME_WEB-Kopie.jpg","contentUrl":"https:\/\/ehealth-it.de\/wp-content\/uploads\/2020\/09\/LOGO_HIT-SYSTEME_WEB-Kopie.jpg","width":591,"height":408,"caption":"HIT-Systeme"},"image":{"@id":"https:\/\/ehealth-it.de\/#\/schema\/logo\/image\/"},"sameAs":["https:\/\/www.facebook.com\/EHealth-IT-Innovations-107800421066573","https:\/\/x.com\/Thomas_Huelse","https:\/\/www.linkedin.com\/in\/dipl-inf-thomas-huelse-801bba135\/"]}]}},"jetpack_sharing_enabled":true,"jetpack-related-posts":[],"jetpack_shortlink":"https:\/\/wp.me\/PclwuZ-1p","jetpack_likes_enabled":true,"_links":{"self":[{"href":"https:\/\/ehealth-it.de\/da\/wp-json\/wp\/v2\/pages\/87"}],"collection":[{"href":"https:\/\/ehealth-it.de\/da\/wp-json\/wp\/v2\/pages"}],"about":[{"href":"https:\/\/ehealth-it.de\/da\/wp-json\/wp\/v2\/types\/page"}],"author":[{"embeddable":true,"href":"https:\/\/ehealth-it.de\/da\/wp-json\/wp\/v2\/users\/1"}],"replies":[{"embeddable":true,"href":"https:\/\/ehealth-it.de\/da\/wp-json\/wp\/v2\/comments?post=87"}],"version-history":[{"count":9,"href":"https:\/\/ehealth-it.de\/da\/wp-json\/wp\/v2\/pages\/87\/revisions"}],"predecessor-version":[{"id":2325,"href":"https:\/\/ehealth-it.de\/da\/wp-json\/wp\/v2\/pages\/87\/revisions\/2325"}],"wp:attachment":[{"href":"https:\/\/ehealth-it.de\/da\/wp-json\/wp\/v2\/media?parent=87"}],"curies":[{"name":"wp","href":"https:\/\/api.w.org\/{rel}","templated":true}]}}